{"id":1005,"date":"2024-06-16T03:38:38","date_gmt":"2024-06-16T03:38:38","guid":{"rendered":"https:\/\/oulifuco.com\/?page_id=1005"},"modified":"2024-08-10T07:49:01","modified_gmt":"2024-08-10T07:49:01","slug":"ol-1201b","status":"publish","type":"page","link":"https:\/\/oulifuco.com\/es\/ol-1201b\/","title":{"rendered":"OL-1201B"},"content":{"rendered":"<div data-elementor-type=\"wp-page\" data-elementor-id=\"1005\" class=\"elementor elementor-1005\" data-elementor-post-type=\"page\">\n\t\t\t\t<div class=\"elementor-element elementor-element-5fae065 e-flex e-con-boxed e-con e-parent\" data-id=\"5fae065\" data-element_type=\"container\" data-settings=\"{&quot;background_background&quot;:&quot;classic&quot;}\">\n\t\t\t\t\t<div class=\"e-con-inner\">\n\t\t\t\t<div class=\"elementor-element elementor-element-5169026 elementor-widget elementor-widget-bdt-breadcrumbs\" data-id=\"5169026\" data-element_type=\"widget\" data-settings=\"{&quot;ep_sound_effects_active&quot;:&quot;yes&quot;,&quot;ep_sound_effects_select_type&quot;:&quot;widget&quot;,&quot;ep_sound_effects_event&quot;:&quot;click&quot;,&quot;ep_sound_effects_source&quot;:&quot;bubble&quot;,&quot;ep_sound_effects_source_local_link&quot;:&quot;https:\\\/\\\/oulifuco.com\\\/wp-content\\\/plugins\\\/bdthemes-element-pack\\\/assets\\\/sounds\\\/&quot;}\" data-widget_type=\"bdt-breadcrumbs.default\">\n\t\t\t\t<div class=\"elementor-widget-container\">\n\t\t\t<div class='bdt-ep-breadcrumbs-wrapper'><ul class=\"bdt-ep-breadcrumb breadcrumb-align-left\"><li><a href=\"https:\/\/oulifuco.com\/es\/\">oulifu<\/a><\/li>\n<li><span> P\u00e1gina<\/span><\/li>\n<\/ul><\/div>\t\t<\/div>\n\t\t\t\t<\/div>\n\t\t\t\t\t<\/div>\n\t\t\t\t<\/div>\n\t\t<div class=\"elementor-element elementor-element-1c5dd5e e-con-full e-flex e-con e-parent\" data-id=\"1c5dd5e\" data-element_type=\"container\">\n\t\t\t\t<div class=\"elementor-element elementor-element-50f129e elementor-widget elementor-widget-bdt-slideshow\" data-id=\"50f129e\" data-element_type=\"widget\" data-widget_type=\"bdt-slideshow.default\">\n\t\t\t\t<div class=\"elementor-widget-container\">\n\t\t\t\t\t<div data-bdt-slideshow=\"{&quot;animation&quot;:&quot;slide&quot;,&quot;ratio&quot;:&quot;16:9&quot;,&quot;min-height&quot;:50,&quot;autoplay&quot;:false,&quot;autoplay-interval&quot;:null,&quot;pause-on-hover&quot;:false,&quot;velocity&quot;:1}\" class=\"bdt-arrows-dots-align-bottom-right\">\n\t\t\t<div class=\"bdt-position-relative bdt-visible-toggle\">\n\n\t\t\t\t\n\t\t\t\t<ul class=\"bdt-slideshow-items\" >\n\t\t\t\t\t\n\t\t\t<li class=\"bdt-slideshow-item elementor-repeater-item-d90c85e\">\n\t\t\t\t\n\t\t\t\t\t\t\t\t\t\t\t\t\t<video autoplay loop muted playslinline bdt-cover class=\"bdt-cover\">\n\t\t\t<source src=\"https:\/\/oulifuco.com\/wp-content\/uploads\/2024\/08\/OL-1201B-1.mp4\" type=\"video\/mp4\">\n\t\t<\/video>\n\t\t\t\t\t\t\t\n\t\t\t\t\t\n\t\t\t\t\n\t\t\t\t\t\t<div\n\t\t\tclass=\"bdt-slideshow-content-wrapper bdt-position-z-index bdt-position-bottom-left bdt-position-large bdt-text-center\">\n\t\t\t\n\t\t\t\n\t\t\t\n\t\t\t\n\t\t\t\t\t<\/div>\n\n\t\t\t\t\t<\/li>\n\n\t\t\n\t\t\t<li class=\"bdt-slideshow-item elementor-repeater-item-0931fe8\">\n\t\t\t\t\n\t\t\t\t\t\n\t\t\t\t\t\n\t\t\t\t\n\t\t\t\t\t\t<div\n\t\t\tclass=\"bdt-slideshow-content-wrapper bdt-position-z-index bdt-position-bottom-left bdt-position-large bdt-text-center\">\n\t\t\t\t\t\t\t<div>\n\t\t\t\t\t<h4 class=\"bdt-slideshow-pre-title bdt-display-inline-block\">\n\t\t\t\t\t\tSlide Pre Title\t\t\t\t\t<\/h4>\n\t\t\t\t<\/div>\n\t\t\t\n\t\t\t\t\t\t\t<div>\n\t\t\t\t\t<h1\t\t\t\t\t\tclass=\"bdt-slideshow-title bdt-display-inline-block\">\n\t\t\t\t\t\tSlide Title\t\t\t\t\t<\/h1>\n\t\t\t\t<\/div>\n\t\t\t\n\t\t\t\n\t\t\t\n\t\t\t\t\t<\/div>\n\n\t\t\t\t\t<\/li>\n\n\t\t\t\t\t\t<\/ul>\n\t\t\t\t\t\t\t\t\t\n\t\t<div class=\"bdt-position-z-index bdt-position-bottom-right\">\n\t\t\t<div class=\"bdt-arrows-dots-container bdt-slidenav-container\">\n\n\t\t\t\t<div class=\"bdt-flex bdt-flex-middle\">\n\t\t\t\t\t<div class=\"\">\n\t\t\t\t\t\t<a href=\"\" class=\"bdt-navigation-prev bdt-slidenav-previous bdt-icon bdt-slidenav\"\n\t\t\t\t\t\t\tbdt-slideshow-item=\"previous\">\n\t\t\t\t\t\t\t<i class=\"ep-icon-arrow-left-0\"\n\t\t\t\t\t\t\t\taria-hidden=\"true\"><\/i>\n\t\t\t\t\t\t<\/a>\n\n\t\t\t\t\t<\/div>\n\n\t\t\t\t\t\t\t\t\t\t\t<div class=\"bdt-dotnav-wrapper bdt-dots-container\">\n\t\t\t\t\t\t\t<ul class=\"bdt-dotnav\">\n\t\t\t\t\t\t\t\t<li class=\"bdt-slideshow-dotnav bdt-active\" data-bdt-slideshow-item=\"0\"><a href=\"#\"><\/a><\/li><li class=\"bdt-slideshow-dotnav bdt-active\" data-bdt-slideshow-item=\"1\"><a href=\"#\"><\/a><\/li>\t\t\t\t\t\t\t<\/ul>\n\t\t\t\t\t\t<\/div>\n\t\t\t\t\t\n\t\t\t\t\t<div class=\"\">\n\t\t\t\t\t\t<a href=\"\" class=\"bdt-navigation-next bdt-slidenav-next bdt-icon bdt-slidenav\"\n\t\t\t\t\t\t\tdata-bdt-slideshow-item=\"next\">\n\t\t\t\t\t\t\t<i class=\"ep-icon-arrow-right-0\"\n\t\t\t\t\t\t\t\taria-hidden=\"true\"><\/i>\n\t\t\t\t\t\t<\/a>\n\n\t\t\t\t\t<\/div>\n\n\t\t\t\t<\/div>\n\t\t\t<\/div>\n\t\t<\/div>\n\n\t\t\n\t\t\t\t\t\t\t\t\t\t\t\t<\/div>\n\t\t<\/div>\n\t\t\t\t<\/div>\n\t\t\t\t<\/div>\n\t\t\t\t<\/div>\n\t\t<div class=\"elementor-element elementor-element-e43e5c2 e-flex e-con-boxed e-con e-parent\" data-id=\"e43e5c2\" data-element_type=\"container\">\n\t\t\t\t\t<div class=\"e-con-inner\">\n\t\t\t\t<div class=\"elementor-element elementor-element-c5a58d4 elementor-widget elementor-widget-heading\" data-id=\"c5a58d4\" data-element_type=\"widget\" data-widget_type=\"heading.default\">\n\t\t\t\t<div class=\"elementor-widget-container\">\n\t\t\t<style>\/*! elementor - v3.21.0 - 22-05-2024 *\/\n.elementor-heading-title{padding:0;margin:0;line-height:1}.elementor-widget-heading .elementor-heading-title[class*=elementor-size-]>a{color:inherit;font-size:inherit;line-height:inherit}.elementor-widget-heading .elementor-heading-title.elementor-size-small{font-size:15px}.elementor-widget-heading .elementor-heading-title.elementor-size-medium{font-size:19px}.elementor-widget-heading .elementor-heading-title.elementor-size-large{font-size:29px}.elementor-widget-heading .elementor-heading-title.elementor-size-xl{font-size:39px}.elementor-widget-heading .elementor-heading-title.elementor-size-xxl{font-size:59px}<\/style><h2 class=\"elementor-heading-title elementor-size-default\">OL-1201B M\u00e1quina de bordar de un solo cabezal<\/h2>\t\t<\/div>\n\t\t\t\t<\/div>\n\t\t\t\t\t<\/div>\n\t\t\t\t<\/div>\n\t\t<div class=\"elementor-element elementor-element-eccd24c e-flex e-con-boxed e-con e-parent\" data-id=\"eccd24c\" data-element_type=\"container\">\n\t\t\t\t\t<div class=\"e-con-inner\">\n\t\t<div class=\"elementor-element elementor-element-9a04ade e-flex e-con-boxed e-con e-child\" data-id=\"9a04ade\" data-element_type=\"container\">\n\t\t\t\t\t<div class=\"e-con-inner\">\n\t\t\t\t<div class=\"elementor-element elementor-element-daa5f4e elementor-widget elementor-widget-icon-box\" data-id=\"daa5f4e\" data-element_type=\"widget\" data-widget_type=\"icon-box.default\">\n\t\t\t\t<div class=\"elementor-widget-container\">\n\t\t\t<link rel=\"stylesheet\" href=\"https:\/\/oulifuco.com\/wp-content\/plugins\/elementor\/assets\/css\/widget-icon-box.min.css\">\t\t<div class=\"elementor-icon-box-wrapper\">\n\n\t\t\t\n\t\t\t\t\t\t<div class=\"elementor-icon-box-content\">\n\n\t\t\t\t\t\t\t\t\t<h3 class=\"elementor-icon-box-title\">\n\t\t\t\t\t\t<span  >\n\t\t\t\t\t\t\t\u00c1rea de bordado\t\t\t\t\t\t<\/span>\n\t\t\t\t\t<\/h3>\n\t\t\t\t\n\t\t\t\t\t\t\t\t\t<p class=\"elementor-icon-box-description\">\n\t\t\t\t\t\t500*350mm\t\t\t\t\t<\/p>\n\t\t\t\t\n\t\t\t<\/div>\n\t\t\t\n\t\t<\/div>\n\t\t\t\t<\/div>\n\t\t\t\t<\/div>\n\t\t\t\t\t<\/div>\n\t\t\t\t<\/div>\n\t\t<div class=\"elementor-element elementor-element-d4d1d9b e-flex e-con-boxed e-con e-child\" data-id=\"d4d1d9b\" data-element_type=\"container\">\n\t\t\t\t\t<div class=\"e-con-inner\">\n\t\t\t\t<div class=\"elementor-element elementor-element-81f8807 elementor-widget elementor-widget-icon-box\" data-id=\"81f8807\" data-element_type=\"widget\" data-widget_type=\"icon-box.default\">\n\t\t\t\t<div class=\"elementor-widget-container\">\n\t\t\t\t\t<div class=\"elementor-icon-box-wrapper\">\n\n\t\t\t\n\t\t\t\t\t\t<div class=\"elementor-icon-box-content\">\n\n\t\t\t\t\t\t\t\t\t<h3 class=\"elementor-icon-box-title\">\n\t\t\t\t\t\t<span  >\n\t\t\t\t\t\t\tCabeza \u00fanica\t\t\t\t\t\t<\/span>\n\t\t\t\t\t<\/h3>\n\t\t\t\t\n\t\t\t\t\t\t\t\t\t<p class=\"elementor-icon-box-description\">\n\t\t\t\t\t\t\u041e\u0441\u043e\u0431\u044b\u0439 \u043c\u043e\u043c\u0435\u043d\u0442\t\t\t\t\t<\/p>\n\t\t\t\t\n\t\t\t<\/div>\n\t\t\t\n\t\t<\/div>\n\t\t\t\t<\/div>\n\t\t\t\t<\/div>\n\t\t\t\t\t<\/div>\n\t\t\t\t<\/div>\n\t\t\t\t\t<\/div>\n\t\t\t\t<\/div>\n\t\t<div class=\"elementor-element elementor-element-cf7d06e e-flex e-con-boxed e-con e-parent\" data-id=\"cf7d06e\" data-element_type=\"container\">\n\t\t\t\t\t<div class=\"e-con-inner\">\n\t\t\t\t<div class=\"elementor-element elementor-element-cb45e60 elementor-align-center elementor-widget elementor-widget-button\" data-id=\"cb45e60\" data-element_type=\"widget\" data-widget_type=\"button.default\">\n\t\t\t\t<div class=\"elementor-widget-container\">\n\t\t\t\t\t<div class=\"elementor-button-wrapper\">\n\t\t\t<a class=\"elementor-button elementor-button-link elementor-size-sm\" href=\"#elementor-action:action=popup:open&settings=eyJpZCI6IjU2MSIsInRvZ2dsZSI6ZmFsc2V9\">\n\t\t\t\t\t\t<span class=\"elementor-button-content-wrapper\">\n\t\t\t\t\t\t\t\t\t<span class=\"elementor-button-text\">SOLICITAR PRESUPUESTO &gt;<\/span>\n\t\t\t\t\t<\/span>\n\t\t\t\t\t<\/a>\n\t\t<\/div>\n\t\t\t\t<\/div>\n\t\t\t\t<\/div>\n\t\t\t\t\t<\/div>\n\t\t\t\t<\/div>\n\t\t<div class=\"elementor-element elementor-element-a4d05f9 e-flex e-con-boxed e-con e-parent\" data-id=\"a4d05f9\" data-element_type=\"container\" data-settings=\"{&quot;background_background&quot;:&quot;classic&quot;}\">\n\t\t\t\t\t<div class=\"e-con-inner\">\n\t\t\t\t<div class=\"elementor-element elementor-element-02e0144 elementor-icon-list--layout-inline elementor-list-item-link-inline elementor-align-right elementor-mobile-align-center elementor-widget elementor-widget-icon-list\" data-id=\"02e0144\" data-element_type=\"widget\" data-settings=\"{&quot;ep_sound_effects_active&quot;:&quot;yes&quot;,&quot;ep_sound_effects_source&quot;:&quot;mouse-click&quot;,&quot;ep_sound_effects_select_type&quot;:&quot;widget&quot;,&quot;ep_sound_effects_event&quot;:&quot;click&quot;,&quot;ep_sound_effects_source_local_link&quot;:&quot;https:\\\/\\\/oulifuco.com\\\/wp-content\\\/plugins\\\/bdthemes-element-pack\\\/assets\\\/sounds\\\/&quot;}\" data-widget_type=\"icon-list.default\">\n\t\t\t\t<div class=\"elementor-widget-container\">\n\t\t\t<link rel=\"stylesheet\" href=\"https:\/\/oulifuco.com\/wp-content\/plugins\/elementor\/assets\/css\/widget-icon-list.min.css\">\t\t<ul class=\"elementor-icon-list-items elementor-inline-items\">\n\t\t\t\t\t\t\t<li class=\"elementor-icon-list-item elementor-inline-item\">\n\t\t\t\t\t\t\t\t\t\t\t<a href=\"#1s\">\n\n\t\t\t\t\t\t\t\t\t\t\t<span class=\"elementor-icon-list-text\">Descripci\u00f3n<\/span>\n\t\t\t\t\t\t\t\t\t\t\t<\/a>\n\t\t\t\t\t\t\t\t\t<\/li>\n\t\t\t\t\t\t\t\t<li class=\"elementor-icon-list-item elementor-inline-item\">\n\t\t\t\t\t\t\t\t\t\t\t<a href=\"#2s\">\n\n\t\t\t\t\t\t\t\t\t\t\t<span class=\"elementor-icon-list-text\">Lista de accesorios<\/span>\n\t\t\t\t\t\t\t\t\t\t\t<\/a>\n\t\t\t\t\t\t\t\t\t<\/li>\n\t\t\t\t\t\t\t\t<li class=\"elementor-icon-list-item elementor-inline-item\">\n\t\t\t\t\t\t\t\t\t\t\t<a href=\"#3s\">\n\n\t\t\t\t\t\t\t\t\t\t\t<span class=\"elementor-icon-list-text\">Modelo<\/span>\n\t\t\t\t\t\t\t\t\t\t\t<\/a>\n\t\t\t\t\t\t\t\t\t<\/li>\n\t\t\t\t\t\t\t\t<li class=\"elementor-icon-list-item elementor-inline-item\">\n\t\t\t\t\t\t\t\t\t\t\t<a href=\"#4s\">\n\n\t\t\t\t\t\t\t\t\t\t\t<span class=\"elementor-icon-list-text\">Galer\u00eda<\/span>\n\t\t\t\t\t\t\t\t\t\t\t<\/a>\n\t\t\t\t\t\t\t\t\t<\/li>\n\t\t\t\t\t\t<\/ul>\n\t\t\t\t<\/div>\n\t\t\t\t<\/div>\n\t\t\t\t\t<\/div>\n\t\t\t\t<\/div>\n\t\t<div class=\"elementor-element elementor-element-14151b6 e-flex e-con-boxed e-con e-parent\" data-id=\"14151b6\" data-element_type=\"container\" id=\"1s\" data-settings=\"{&quot;background_background&quot;:&quot;classic&quot;}\">\n\t\t\t\t\t<div class=\"e-con-inner\">\n\t\t\t\t<div class=\"elementor-element elementor-element-402f9a8 elementor-widget elementor-widget-heading\" data-id=\"402f9a8\" data-element_type=\"widget\" id=\"FINTELLIGENT\" data-widget_type=\"heading.default\">\n\t\t\t\t<div class=\"elementor-widget-container\">\n\t\t\t<h2 class=\"elementor-heading-title elementor-size-default\">Descripci\u00f3n<\/h2>\t\t<\/div>\n\t\t\t\t<\/div>\n\t\t\t\t<div class=\"elementor-element elementor-element-c3820f2 elementor-widget elementor-widget-text-editor\" data-id=\"c3820f2\" data-element_type=\"widget\" data-widget_type=\"text-editor.default\">\n\t\t\t\t<div class=\"elementor-widget-container\">\n\t\t\t<style>\/*! elementor - v3.21.0 - 22-05-2024 *\/\n.elementor-widget-text-editor.elementor-drop-cap-view-stacked .elementor-drop-cap{background-color:#69727d;color:#fff}.elementor-widget-text-editor.elementor-drop-cap-view-framed .elementor-drop-cap{color:#69727d;border:3px solid;background-color:transparent}.elementor-widget-text-editor:not(.elementor-drop-cap-view-default) .elementor-drop-cap{margin-top:8px}.elementor-widget-text-editor:not(.elementor-drop-cap-view-default) .elementor-drop-cap-letter{width:1em;height:1em}.elementor-widget-text-editor .elementor-drop-cap{float:left;text-align:center;line-height:1;font-size:50px}.elementor-widget-text-editor .elementor-drop-cap-letter{display:inline-block}<\/style>\t\t\t\t<h6>Funciones<\/h6><p>Adecuado para bordado plano, bordado de gorras y bordado de prendas terminadas (bordado de camisas)<\/p><p>Elecci\u00f3n perfecta para un dise\u00f1o personalizado<\/p><p>Pantalla LCD a color de 10 pulgadas que muestra costura en tiempo real<\/p><p>Almacenamiento de 500 dise\u00f1os<\/p><p>Almacenamiento de 5 millones de puntadas de un solo dise\u00f1o<\/p><p>Almacenamiento de 200 millones de puntos<\/p><p>Cambio autom\u00e1tico de color, Cortadora autom\u00e1tica, Detecci\u00f3n de rotura de hilo<\/p><p>Espect\u00e1culo de precostura de puntadas de bordado<\/p><p>Transmisi\u00f3n r\u00e1pida de fecha\/dise\u00f1o por USB, red, WIFI<\/p><p>Soporte de bordado de graffiti, bordado de caracteres chinos, bordado de im\u00e1genes<\/p><p>Reconoce varios formatos como DST, DSB y m\u00e1s<\/p><p>Unidad de marco de tapa ancha de 270 grados<\/p><p>Velocidad m\u00e1xima 1200RPM<\/p><p>Electricidad: 110 V\/60 Hz o 240 V\/50 Hz<\/p><p>Con funci\u00f3n de posicionamiento l\u00e1ser<\/p><p>Diferentes tama\u00f1os de aros \/ marcos se pueden cambiar seg\u00fan sus necesidades<\/p><p>Multi idiomas disponibles como chino, ingl\u00e9s, espa\u00f1ol, turco, ruso, franc\u00e9s, portugu\u00e9s, \u00e1rabe, tailand\u00e9s, italiano, alem\u00e1n, holand\u00e9s, polaco, persa iran\u00ed, coreano, japon\u00e9s, indio telugu, indio tamil, vietnamita<\/p>\t\t\t\t\t\t<\/div>\n\t\t\t\t<\/div>\n\t\t\t\t\t<\/div>\n\t\t\t\t<\/div>\n\t\t<div class=\"elementor-element elementor-element-ac78235 e-flex e-con-boxed e-con e-parent\" data-id=\"ac78235\" data-element_type=\"container\" id=\"2s\" data-settings=\"{&quot;background_background&quot;:&quot;classic&quot;}\">\n\t\t\t\t\t<div class=\"e-con-inner\">\n\t\t\t\t<div class=\"elementor-element elementor-element-80b520f elementor-widget elementor-widget-heading\" data-id=\"80b520f\" data-element_type=\"widget\" id=\"s1\" data-widget_type=\"heading.default\">\n\t\t\t\t<div class=\"elementor-widget-container\">\n\t\t\t<h2 class=\"elementor-heading-title elementor-size-default\"><a href=\"#SPECIFICATION\">Lista de accesorios<\/a><\/h2>\t\t<\/div>\n\t\t\t\t<\/div>\n\t\t\t\t\t<\/div>\n\t\t\t\t<\/div>\n\t\t<div class=\"elementor-element elementor-element-b019aa9 e-flex e-con-boxed e-con e-parent\" data-id=\"b019aa9\" data-element_type=\"container\" data-settings=\"{&quot;background_background&quot;:&quot;classic&quot;}\">\n\t\t\t\t\t<div class=\"e-con-inner\">\n\t\t\t\t<div class=\"elementor-element elementor-element-976f0ca elementor-widget elementor-widget-text-editor\" data-id=\"976f0ca\" data-element_type=\"widget\" data-widget_type=\"text-editor.default\">\n\t\t\t\t<div class=\"elementor-widget-container\">\n\t\t\t\t\t\t\t<table><tbody><tr><td width=\"145\"><p>Aro redondo de 90 mm * 2 piezas<\/p><\/td><td width=\"155\"><p>Aro redondo de 190 mm * 2 piezas<\/p><\/td><td width=\"136\"><p>Marco de aluminio * 1 pieza<\/p><\/td><td width=\"147\"><p>Accionamiento y estaci\u00f3n de tapas * 1set<\/p><\/td><\/tr><tr><td width=\"145\"><p>Aro redondo de 120 mm * 2 piezas<\/p><\/td><td width=\"155\"><p>Aro de 290 * 290 mm * 2 piezas<\/p><\/td><td width=\"136\"><p>Soporte de marco * 1set<\/p><\/td><td width=\"147\"><p>Bobinadora * 1set<\/p><\/td><\/tr><tr><td width=\"145\"><p>Aro redondo de 150 mm * 2 piezas<\/p><\/td><td width=\"155\"><p>Aro de 540 * 360 mm * 1 pieza<\/p><\/td><td width=\"136\"><p>Marco de la tapa * 2 piezas<\/p><\/td><td width=\"147\"><p>Caja de herramientas * 1pc<\/p><\/td><\/tr><\/tbody><\/table>\t\t\t\t\t\t<\/div>\n\t\t\t\t<\/div>\n\t\t\t\t\t<\/div>\n\t\t\t\t<\/div>\n\t\t<div class=\"elementor-element elementor-element-fa0fb96 e-flex e-con-boxed e-con e-parent\" data-id=\"fa0fb96\" data-element_type=\"container\" id=\"3s\" data-settings=\"{&quot;background_background&quot;:&quot;classic&quot;}\">\n\t\t\t\t\t<div class=\"e-con-inner\">\n\t\t\t\t<div class=\"elementor-element elementor-element-07a19c0 elementor-widget elementor-widget-heading\" data-id=\"07a19c0\" data-element_type=\"widget\" data-widget_type=\"heading.default\">\n\t\t\t\t<div class=\"elementor-widget-container\">\n\t\t\t<h2 class=\"elementor-heading-title elementor-size-default\">Modelo<\/h2>\t\t<\/div>\n\t\t\t\t<\/div>\n\t\t\t\t\t<\/div>\n\t\t\t\t<\/div>\n\t\t<nav class=\"elementor-element elementor-element-30949f6 e-flex e-con-boxed e-con e-parent\" data-id=\"30949f6\" data-element_type=\"container\" data-settings=\"{&quot;background_background&quot;:&quot;classic&quot;}\">\n\t\t\t\t\t<div class=\"e-con-inner\">\n\t\t\t\t<div class=\"elementor-element elementor-element-2baa15b elementor-widget elementor-widget-text-editor\" data-id=\"2baa15b\" data-element_type=\"widget\" data-widget_type=\"text-editor.default\">\n\t\t\t\t<div class=\"elementor-widget-container\">\n\t\t\t\t\t\t\t<table><tbody><tr><td width=\"223\">Modelo<\/td><td width=\"167\">colores<\/td><td width=\"145\">Cara<\/td><td width=\"262\">\u00c1rea de trabajo<\/td><td width=\"248\">Peso neto\/bruto<\/td><td width=\"271\">Tama\u00f1o de la m\u00e1quina<\/td><td width=\"267\">Tama\u00f1o del embalaje<\/td><\/tr><tr><td width=\"223\">OL-1201B<\/td><td width=\"167\">12<\/td><td width=\"145\">1<\/td><td width=\"262\">495*350mm<\/td><td width=\"248\">125KG\/180KG<\/td><td width=\"271\">750*830*1500mm<\/td><td width=\"267\">1110*890*860mm<\/td><\/tr><tr><td width=\"223\">OL-1501B<\/td><td width=\"167\">15<\/td><td width=\"145\">1<\/td><td width=\"262\">495*350mm<\/td><td width=\"248\">125KG\/180KG<\/td><td width=\"271\">750*830*1500mm<\/td><td width=\"267\">1110*890*860mm<\/td><\/tr><\/tbody><\/table>\t\t\t\t\t\t<\/div>\n\t\t\t\t<\/div>\n\t\t\t\t\t<\/div>\n\t\t\t\t<\/nav>\n\t\t<div class=\"elementor-element elementor-element-a2a3f40 e-flex e-con-boxed e-con e-parent\" data-id=\"a2a3f40\" data-element_type=\"container\" id=\"4s\" data-settings=\"{&quot;background_background&quot;:&quot;classic&quot;}\">\n\t\t\t\t\t<div class=\"e-con-inner\">\n\t\t\t\t<div class=\"elementor-element elementor-element-bdda7ab elementor-widget elementor-widget-heading\" data-id=\"bdda7ab\" data-element_type=\"widget\" id=\"GALLERY\" data-widget_type=\"heading.default\">\n\t\t\t\t<div class=\"elementor-widget-container\">\n\t\t\t<h2 class=\"elementor-heading-title elementor-size-default\">GALER\u00cdA\n<\/h2>\t\t<\/div>\n\t\t\t\t<\/div>\n\t\t\t\t\t<\/div>\n\t\t\t\t<\/div>\n\t\t<div class=\"elementor-element elementor-element-de4e800 e-flex e-con-boxed e-con e-parent\" data-id=\"de4e800\" data-element_type=\"container\" data-settings=\"{&quot;background_background&quot;:&quot;classic&quot;}\">\n\t\t\t\t\t<div class=\"e-con-inner\">\n\t\t\t\t<div class=\"elementor-element elementor-element-9e0c632 elementor-widget elementor-widget-bdt-slideshow\" data-id=\"9e0c632\" data-element_type=\"widget\" data-widget_type=\"bdt-slideshow.default\">\n\t\t\t\t<div class=\"elementor-widget-container\">\n\t\t\t\t\t<div data-bdt-slideshow=\"{&quot;animation&quot;:&quot;slide&quot;,&quot;ratio&quot;:&quot;16:9&quot;,&quot;min-height&quot;:false,&quot;autoplay&quot;:true,&quot;autoplay-interval&quot;:7000,&quot;pause-on-hover&quot;:false,&quot;velocity&quot;:1}\" class=\"bdt-arrows-dots-align-bottom-right\">\n\t\t\t<div class=\"bdt-position-relative bdt-visible-toggle\">\n\n\t\t\t\t\n\t\t\t\t<ul class=\"bdt-slideshow-items\" >\n\t\t\t\t\t\n\t\t\t<li class=\"bdt-slideshow-item elementor-repeater-item-d90c85e\">\n\t\t\t\t\n\t\t\t\t\t\t\t\t\t\t\t<img decoding=\"async\" src=\"https:\/\/oulifuco.com\/wp-content\/uploads\/2024\/08\/07_\u526f\u672c.jpg\" alt=\"OL-1201B\" class=\"bdt-cover\" data-bdt-cover=\"\">\t\t\t\t\t\n\t\t\t\t\t\n\t\t\t\t\n\t\t\t\t\t\t<div\n\t\t\tclass=\"bdt-slideshow-content-wrapper bdt-position-z-index bdt-position-bottom-left bdt-position-large bdt-text-center\">\n\t\t\t\n\t\t\t\n\t\t\t\n\t\t\t\n\t\t\t\t\t<\/div>\n\n\t\t\t\t\t<\/li>\n\n\t\t\n\t\t\t<li class=\"bdt-slideshow-item elementor-repeater-item-ef42437\">\n\t\t\t\t\n\t\t\t\t\t\t\t\t\t\t\t<img decoding=\"async\" src=\"https:\/\/oulifuco.com\/wp-content\/uploads\/2024\/06\/OL-1201B-2.jpg\" alt=\"OL-1201B\" class=\"bdt-cover\" data-bdt-cover=\"\">\t\t\t\t\t\n\t\t\t\t\t\n\t\t\t\t\n\t\t\t\t\t\t<div\n\t\t\tclass=\"bdt-slideshow-content-wrapper bdt-position-z-index bdt-position-bottom-left bdt-position-large bdt-text-center\">\n\t\t\t\n\t\t\t\n\t\t\t\n\t\t\t\n\t\t\t\t\t<\/div>\n\n\t\t\t\t\t<\/li>\n\n\t\t\n\t\t\t<li class=\"bdt-slideshow-item elementor-repeater-item-b71586b\">\n\t\t\t\t\n\t\t\t\t\t\t\t\t\t\t\t<img decoding=\"async\" src=\"https:\/\/oulifuco.com\/wp-content\/uploads\/2024\/06\/OL-1201B-4.jpg\" alt=\"OL-1201B\" class=\"bdt-cover\" data-bdt-cover=\"\">\t\t\t\t\t\n\t\t\t\t\t\n\t\t\t\t\n\t\t\t\t\t\t<div\n\t\t\tclass=\"bdt-slideshow-content-wrapper bdt-position-z-index bdt-position-bottom-left bdt-position-large bdt-text-center\">\n\t\t\t\n\t\t\t\n\t\t\t\n\t\t\t\n\t\t\t\t\t<\/div>\n\n\t\t\t\t\t<\/li>\n\n\t\t\n\t\t\t<li class=\"bdt-slideshow-item elementor-repeater-item-423eb77\">\n\t\t\t\t\n\t\t\t\t\t\t\t\t\t\t\t<img decoding=\"async\" src=\"https:\/\/oulifuco.com\/wp-content\/uploads\/2024\/06\/OL-1201B-5.jpg\" alt=\"OL-1201B\" class=\"bdt-cover\" data-bdt-cover=\"\">\t\t\t\t\t\n\t\t\t\t\t\n\t\t\t\t\n\t\t\t\t\t\t<div\n\t\t\tclass=\"bdt-slideshow-content-wrapper bdt-position-z-index bdt-position-bottom-left bdt-position-large bdt-text-center\">\n\t\t\t\n\t\t\t\n\t\t\t\n\t\t\t\n\t\t\t\t\t<\/div>\n\n\t\t\t\t\t<\/li>\n\n\t\t\t\t\t\t<\/ul>\n\t\t\t\t\t\t\t\t\t\n\t\t<div class=\"bdt-position-z-index bdt-position-bottom-right\">\n\t\t\t<div class=\"bdt-arrows-dots-container bdt-slidenav-container\">\n\n\t\t\t\t<div class=\"bdt-flex bdt-flex-middle\">\n\t\t\t\t\t<div class=\"\">\n\t\t\t\t\t\t<a href=\"\" class=\"bdt-navigation-prev bdt-slidenav-previous bdt-icon bdt-slidenav\"\n\t\t\t\t\t\t\tbdt-slideshow-item=\"previous\">\n\t\t\t\t\t\t\t<i class=\"ep-icon-arrow-left-0\"\n\t\t\t\t\t\t\t\taria-hidden=\"true\"><\/i>\n\t\t\t\t\t\t<\/a>\n\n\t\t\t\t\t<\/div>\n\n\t\t\t\t\t\t\t\t\t\t\t<div class=\"bdt-dotnav-wrapper bdt-dots-container\">\n\t\t\t\t\t\t\t<ul class=\"bdt-dotnav\">\n\t\t\t\t\t\t\t\t<li class=\"bdt-slideshow-dotnav bdt-active\" data-bdt-slideshow-item=\"0\"><a href=\"#\"><\/a><\/li><li class=\"bdt-slideshow-dotnav bdt-active\" data-bdt-slideshow-item=\"1\"><a href=\"#\"><\/a><\/li><li class=\"bdt-slideshow-dotnav bdt-active\" data-bdt-slideshow-item=\"2\"><a href=\"#\"><\/a><\/li><li class=\"bdt-slideshow-dotnav bdt-active\" data-bdt-slideshow-item=\"3\"><a href=\"#\"><\/a><\/li>\t\t\t\t\t\t\t<\/ul>\n\t\t\t\t\t\t<\/div>\n\t\t\t\t\t\n\t\t\t\t\t<div class=\"\">\n\t\t\t\t\t\t<a href=\"\" class=\"bdt-navigation-next bdt-slidenav-next bdt-icon bdt-slidenav\"\n\t\t\t\t\t\t\tdata-bdt-slideshow-item=\"next\">\n\t\t\t\t\t\t\t<i class=\"ep-icon-arrow-right-0\"\n\t\t\t\t\t\t\t\taria-hidden=\"true\"><\/i>\n\t\t\t\t\t\t<\/a>\n\n\t\t\t\t\t<\/div>\n\n\t\t\t\t<\/div>\n\t\t\t<\/div>\n\t\t<\/div>\n\n\t\t\n\t\t\t\t\t\t\t\t\t\t\t\t<\/div>\n\t\t<\/div>\n\t\t\t\t<\/div>\n\t\t\t\t<\/div>\n\t\t\t\t\t<\/div>\n\t\t\t\t<\/div>\n\t\t<div class=\"elementor-element elementor-element-a09b987 e-flex e-con-boxed e-con e-parent\" data-id=\"a09b987\" data-element_type=\"container\">\n\t\t\t\t\t<div class=\"e-con-inner\">\n\t\t\t\t\t<\/div>\n\t\t\t\t<\/div>\n\t\t\t\t<\/div>","protected":false},"excerpt":{"rendered":"<p>Funciones<\/p>\n<p>Adecuado para bordado plano, bordado de gorras y bordado de prendas terminadas (bordado de camisas)<\/p>\n<p>Elecci\u00f3n perfecta para un dise\u00f1o personalizado<\/p>\n<p>Pantalla LCD a color de 10 pulgadas que muestra costura en tiempo real<\/p>","protected":false},"author":1,"featured_media":1006,"parent":0,"menu_order":0,"comment_status":"closed","ping_status":"closed","template":"","meta":{"footnotes":""},"categories":[21,9],"tags":[],"class_list":["post-1005","page","type-page","status-publish","has-post-thumbnail","hentry","category-ol-1201b","category-single-head"],"_links":{"self":[{"href":"https:\/\/oulifuco.com\/es\/wp-json\/wp\/v2\/pages\/1005","targetHints":{"allow":["GET"]}}],"collection":[{"href":"https:\/\/oulifuco.com\/es\/wp-json\/wp\/v2\/pages"}],"about":[{"href":"https:\/\/oulifuco.com\/es\/wp-json\/wp\/v2\/types\/page"}],"author":[{"embeddable":true,"href":"https:\/\/oulifuco.com\/es\/wp-json\/wp\/v2\/users\/1"}],"replies":[{"embeddable":true,"href":"https:\/\/oulifuco.com\/es\/wp-json\/wp\/v2\/comments?post=1005"}],"version-history":[{"count":15,"href":"https:\/\/oulifuco.com\/es\/wp-json\/wp\/v2\/pages\/1005\/revisions"}],"predecessor-version":[{"id":1352,"href":"https:\/\/oulifuco.com\/es\/wp-json\/wp\/v2\/pages\/1005\/revisions\/1352"}],"wp:featuredmedia":[{"embeddable":true,"href":"https:\/\/oulifuco.com\/es\/wp-json\/wp\/v2\/media\/1006"}],"wp:attachment":[{"href":"https:\/\/oulifuco.com\/es\/wp-json\/wp\/v2\/media?parent=1005"}],"wp:term":[{"taxonomy":"category","embeddable":true,"href":"https:\/\/oulifuco.com\/es\/wp-json\/wp\/v2\/categories?post=1005"},{"taxonomy":"post_tag","embeddable":true,"href":"https:\/\/oulifuco.com\/es\/wp-json\/wp\/v2\/tags?post=1005"}],"curies":[{"name":"wp","href":"https:\/\/api.w.org\/{rel}","templated":true}]}}