{"id":1130,"date":"2024-06-16T04:31:51","date_gmt":"2024-06-16T04:31:51","guid":{"rendered":"https:\/\/oulifuco.com\/?page_id=1130"},"modified":"2024-08-17T08:36:30","modified_gmt":"2024-08-17T08:36:30","slug":"ol-1201601","status":"publish","type":"page","link":"https:\/\/oulifuco.com\/es\/ol-1201601\/","title":{"rendered":"OL-1201+601"},"content":{"rendered":"<div data-elementor-type=\"wp-page\" data-elementor-id=\"1130\" class=\"elementor elementor-1130\" data-elementor-post-type=\"page\">\n\t\t\t\t<div class=\"elementor-element elementor-element-5fae065 e-flex e-con-boxed e-con e-parent\" data-id=\"5fae065\" data-element_type=\"container\" data-settings=\"{&quot;background_background&quot;:&quot;classic&quot;}\">\n\t\t\t\t\t<div class=\"e-con-inner\">\n\t\t\t\t<div class=\"elementor-element elementor-element-5169026 elementor-widget elementor-widget-bdt-breadcrumbs\" data-id=\"5169026\" data-element_type=\"widget\" data-settings=\"{&quot;ep_sound_effects_active&quot;:&quot;yes&quot;,&quot;ep_sound_effects_select_type&quot;:&quot;widget&quot;,&quot;ep_sound_effects_event&quot;:&quot;click&quot;,&quot;ep_sound_effects_source&quot;:&quot;bubble&quot;,&quot;ep_sound_effects_source_local_link&quot;:&quot;https:\\\/\\\/oulifuco.com\\\/wp-content\\\/plugins\\\/bdthemes-element-pack\\\/assets\\\/sounds\\\/&quot;}\" data-widget_type=\"bdt-breadcrumbs.default\">\n\t\t\t\t<div class=\"elementor-widget-container\">\n\t\t\t<div class='bdt-ep-breadcrumbs-wrapper'><ul class=\"bdt-ep-breadcrumb breadcrumb-align-left\"><li><a href=\"https:\/\/oulifuco.com\/es\/\">oulifu<\/a><\/li>\n<li><span> P\u00e1gina<\/span><\/li>\n<\/ul><\/div>\t\t<\/div>\n\t\t\t\t<\/div>\n\t\t\t\t\t<\/div>\n\t\t\t\t<\/div>\n\t\t<div class=\"elementor-element elementor-element-1c5dd5e e-con-full e-flex e-con e-parent\" data-id=\"1c5dd5e\" data-element_type=\"container\">\n\t\t\t\t<div class=\"elementor-element elementor-element-50f129e elementor-widget elementor-widget-bdt-slideshow\" data-id=\"50f129e\" data-element_type=\"widget\" data-widget_type=\"bdt-slideshow.default\">\n\t\t\t\t<div class=\"elementor-widget-container\">\n\t\t\t\t\t<div data-bdt-slideshow=\"{&quot;animation&quot;:&quot;slide&quot;,&quot;ratio&quot;:&quot;16:9&quot;,&quot;min-height&quot;:50,&quot;autoplay&quot;:false,&quot;autoplay-interval&quot;:null,&quot;pause-on-hover&quot;:false,&quot;velocity&quot;:1}\" class=\"bdt-arrows-dots-align-bottom-right\">\n\t\t\t<div class=\"bdt-position-relative bdt-visible-toggle\">\n\n\t\t\t\t\n\t\t\t\t<ul class=\"bdt-slideshow-items\" >\n\t\t\t\t\t\n\t\t\t<li class=\"bdt-slideshow-item elementor-repeater-item-d90c85e\">\n\t\t\t\t\n\t\t\t\t\t\t\t\t\t\t\t\t\t<iframe src=\"\/\/www.youtube.com\/embed\/2EjlPLnctLs?autoplay=1&#038;controls=0&#038;showinfo=0&#038;rel=0&#038;loop=1&#038;modestbranding=1&#038;wmode=transparent&#038;playsinline=1\" frameborder=\"0\" allowfullscreen bdt-cover class=\"bdt-cover\"><\/iframe>\n\t\t\t\t\t\t\t\n\t\t\t\t\t\n\t\t\t\t\n\t\t\t\t\t\t<div\n\t\t\tclass=\"bdt-slideshow-content-wrapper bdt-position-z-index bdt-position-bottom-left bdt-position-large bdt-text-center\">\n\t\t\t\n\t\t\t\n\t\t\t\n\t\t\t\n\t\t\t\t\t<\/div>\n\n\t\t\t\t\t<\/li>\n\n\t\t\t\t\t\t<\/ul>\n\t\t\t\t\t\t\t\t\t\n\t\t<div class=\"bdt-position-z-index bdt-position-bottom-right\">\n\t\t\t<div class=\"bdt-arrows-dots-container bdt-slidenav-container\">\n\n\t\t\t\t<div class=\"bdt-flex bdt-flex-middle\">\n\t\t\t\t\t<div class=\"\">\n\t\t\t\t\t\t<a href=\"\" class=\"bdt-navigation-prev bdt-slidenav-previous bdt-icon bdt-slidenav\"\n\t\t\t\t\t\t\tbdt-slideshow-item=\"previous\">\n\t\t\t\t\t\t\t<i class=\"ep-icon-arrow-left-0\"\n\t\t\t\t\t\t\t\taria-hidden=\"true\"><\/i>\n\t\t\t\t\t\t<\/a>\n\n\t\t\t\t\t<\/div>\n\n\t\t\t\t\t\t\t\t\t\t\t<div class=\"bdt-dotnav-wrapper bdt-dots-container\">\n\t\t\t\t\t\t\t<ul class=\"bdt-dotnav\">\n\t\t\t\t\t\t\t\t<li class=\"bdt-slideshow-dotnav bdt-active\" data-bdt-slideshow-item=\"0\"><a href=\"#\"><\/a><\/li>\t\t\t\t\t\t\t<\/ul>\n\t\t\t\t\t\t<\/div>\n\t\t\t\t\t\n\t\t\t\t\t<div class=\"\">\n\t\t\t\t\t\t<a href=\"\" class=\"bdt-navigation-next bdt-slidenav-next bdt-icon bdt-slidenav\"\n\t\t\t\t\t\t\tdata-bdt-slideshow-item=\"next\">\n\t\t\t\t\t\t\t<i class=\"ep-icon-arrow-right-0\"\n\t\t\t\t\t\t\t\taria-hidden=\"true\"><\/i>\n\t\t\t\t\t\t<\/a>\n\n\t\t\t\t\t<\/div>\n\n\t\t\t\t<\/div>\n\t\t\t<\/div>\n\t\t<\/div>\n\n\t\t\n\t\t\t\t\t\t\t\t\t\t\t\t<\/div>\n\t\t<\/div>\n\t\t\t\t<\/div>\n\t\t\t\t<\/div>\n\t\t\t\t<\/div>\n\t\t<div class=\"elementor-element elementor-element-e43e5c2 e-flex e-con-boxed e-con e-parent\" data-id=\"e43e5c2\" data-element_type=\"container\">\n\t\t\t\t\t<div class=\"e-con-inner\">\n\t\t\t\t<div class=\"elementor-element elementor-element-c5a58d4 elementor-widget elementor-widget-heading\" data-id=\"c5a58d4\" data-element_type=\"widget\" data-widget_type=\"heading.default\">\n\t\t\t\t<div class=\"elementor-widget-container\">\n\t\t\t<style>\/*! elementor - v3.21.0 - 22-05-2024 *\/\n.elementor-heading-title{padding:0;margin:0;line-height:1}.elementor-widget-heading .elementor-heading-title[class*=elementor-size-]>a{color:inherit;font-size:inherit;line-height:inherit}.elementor-widget-heading .elementor-heading-title.elementor-size-small{font-size:15px}.elementor-widget-heading .elementor-heading-title.elementor-size-medium{font-size:19px}.elementor-widget-heading .elementor-heading-title.elementor-size-large{font-size:29px}.elementor-widget-heading .elementor-heading-title.elementor-size-xl{font-size:39px}.elementor-widget-heading .elementor-heading-title.elementor-size-xxl{font-size:59px}<\/style><h2 class=\"elementor-heading-title elementor-size-default\">OL-1201+601(500\/1200*550mm  )<\/h2>\t\t<\/div>\n\t\t\t\t<\/div>\n\t\t\t\t\t<\/div>\n\t\t\t\t<\/div>\n\t\t<div class=\"elementor-element elementor-element-eccd24c e-flex e-con-boxed e-con e-parent\" data-id=\"eccd24c\" data-element_type=\"container\">\n\t\t\t\t\t<div class=\"e-con-inner\">\n\t\t<div class=\"elementor-element elementor-element-9a04ade e-flex e-con-boxed e-con e-child\" data-id=\"9a04ade\" data-element_type=\"container\">\n\t\t\t\t\t<div class=\"e-con-inner\">\n\t\t\t\t<div class=\"elementor-element elementor-element-daa5f4e elementor-widget elementor-widget-icon-box\" data-id=\"daa5f4e\" data-element_type=\"widget\" data-widget_type=\"icon-box.default\">\n\t\t\t\t<div class=\"elementor-widget-container\">\n\t\t\t<link rel=\"stylesheet\" href=\"https:\/\/oulifuco.com\/wp-content\/plugins\/elementor\/assets\/css\/widget-icon-box.min.css\">\t\t<div class=\"elementor-icon-box-wrapper\">\n\n\t\t\t\n\t\t\t\t\t\t<div class=\"elementor-icon-box-content\">\n\n\t\t\t\t\t\t\t\t\t<h3 class=\"elementor-icon-box-title\">\n\t\t\t\t\t\t<span  >\n\t\t\t\t\t\t\t 500\/1200*550mm \t\t\t\t\t\t<\/span>\n\t\t\t\t\t<\/h3>\n\t\t\t\t\n\t\t\t\t\t\t\t\t\t<p class=\"elementor-icon-box-description\">\n\t\t\t\t\t\t\u00c1rea de bordado\t\t\t\t\t<\/p>\n\t\t\t\t\n\t\t\t<\/div>\n\t\t\t\n\t\t<\/div>\n\t\t\t\t<\/div>\n\t\t\t\t<\/div>\n\t\t\t\t\t<\/div>\n\t\t\t\t<\/div>\n\t\t<div class=\"elementor-element elementor-element-d4d1d9b e-flex e-con-boxed e-con e-child\" data-id=\"d4d1d9b\" data-element_type=\"container\">\n\t\t\t\t\t<div class=\"e-con-inner\">\n\t\t\t\t<div class=\"elementor-element elementor-element-81f8807 elementor-widget elementor-widget-icon-box\" data-id=\"81f8807\" data-element_type=\"widget\" data-widget_type=\"icon-box.default\">\n\t\t\t\t<div class=\"elementor-widget-container\">\n\t\t\t\t\t<div class=\"elementor-icon-box-wrapper\">\n\n\t\t\t\n\t\t\t\t\t\t<div class=\"elementor-icon-box-content\">\n\n\t\t\t\t\t\t\t\t\t<h3 class=\"elementor-icon-box-title\">\n\t\t\t\t\t\t<span  >\n\t\t\t\t\t\t\tFlat + Chenille\t\t\t\t\t\t<\/span>\n\t\t\t\t\t<\/h3>\n\t\t\t\t\n\t\t\t\t\t\t\t\t\t<p class=\"elementor-icon-box-description\">\n\t\t\t\t\t\t\u041e\u0441\u043e\u0431\u044b\u0439 \u043c\u043e\u043c\u0435\u043d\u0442\t\t\t\t\t<\/p>\n\t\t\t\t\n\t\t\t<\/div>\n\t\t\t\n\t\t<\/div>\n\t\t\t\t<\/div>\n\t\t\t\t<\/div>\n\t\t\t\t\t<\/div>\n\t\t\t\t<\/div>\n\t\t\t\t\t<\/div>\n\t\t\t\t<\/div>\n\t\t<div class=\"elementor-element elementor-element-cf7d06e e-flex e-con-boxed e-con e-parent\" data-id=\"cf7d06e\" data-element_type=\"container\">\n\t\t\t\t\t<div class=\"e-con-inner\">\n\t\t\t\t<div class=\"elementor-element elementor-element-cb45e60 elementor-align-center elementor-widget elementor-widget-button\" data-id=\"cb45e60\" data-element_type=\"widget\" data-widget_type=\"button.default\">\n\t\t\t\t<div class=\"elementor-widget-container\">\n\t\t\t\t\t<div class=\"elementor-button-wrapper\">\n\t\t\t<a class=\"elementor-button elementor-button-link elementor-size-sm\" href=\"#elementor-action:action=popup:open&settings=eyJpZCI6IjU2MSIsInRvZ2dsZSI6ZmFsc2V9\">\n\t\t\t\t\t\t<span class=\"elementor-button-content-wrapper\">\n\t\t\t\t\t\t\t\t\t<span class=\"elementor-button-text\">SOLICITAR PRESUPUESTO &gt;<\/span>\n\t\t\t\t\t<\/span>\n\t\t\t\t\t<\/a>\n\t\t<\/div>\n\t\t\t\t<\/div>\n\t\t\t\t<\/div>\n\t\t\t\t\t<\/div>\n\t\t\t\t<\/div>\n\t\t<div class=\"elementor-element elementor-element-a4d05f9 e-flex e-con-boxed e-con e-parent\" data-id=\"a4d05f9\" data-element_type=\"container\" data-settings=\"{&quot;background_background&quot;:&quot;classic&quot;}\">\n\t\t\t\t\t<div class=\"e-con-inner\">\n\t\t\t\t<div class=\"elementor-element elementor-element-02e0144 elementor-icon-list--layout-inline elementor-list-item-link-inline elementor-align-right elementor-mobile-align-center elementor-widget elementor-widget-icon-list\" data-id=\"02e0144\" data-element_type=\"widget\" data-settings=\"{&quot;ep_sound_effects_active&quot;:&quot;yes&quot;,&quot;ep_sound_effects_source&quot;:&quot;mouse-click&quot;,&quot;ep_sound_effects_select_type&quot;:&quot;widget&quot;,&quot;ep_sound_effects_event&quot;:&quot;click&quot;,&quot;ep_sound_effects_source_local_link&quot;:&quot;https:\\\/\\\/oulifuco.com\\\/wp-content\\\/plugins\\\/bdthemes-element-pack\\\/assets\\\/sounds\\\/&quot;}\" data-widget_type=\"icon-list.default\">\n\t\t\t\t<div class=\"elementor-widget-container\">\n\t\t\t<link rel=\"stylesheet\" href=\"https:\/\/oulifuco.com\/wp-content\/plugins\/elementor\/assets\/css\/widget-icon-list.min.css\">\t\t<ul class=\"elementor-icon-list-items elementor-inline-items\">\n\t\t\t\t\t\t\t<li class=\"elementor-icon-list-item elementor-inline-item\">\n\t\t\t\t\t\t\t\t\t\t\t<a href=\"#1s\">\n\n\t\t\t\t\t\t\t\t\t\t\t<span class=\"elementor-icon-list-text\">Descripci\u00f3n<\/span>\n\t\t\t\t\t\t\t\t\t\t\t<\/a>\n\t\t\t\t\t\t\t\t\t<\/li>\n\t\t\t\t\t\t\t\t<li class=\"elementor-icon-list-item elementor-inline-item\">\n\t\t\t\t\t\t\t\t\t\t\t<a href=\"#3s\">\n\n\t\t\t\t\t\t\t\t\t\t\t<span class=\"elementor-icon-list-text\">Modelo<\/span>\n\t\t\t\t\t\t\t\t\t\t\t<\/a>\n\t\t\t\t\t\t\t\t\t<\/li>\n\t\t\t\t\t\t\t\t<li class=\"elementor-icon-list-item elementor-inline-item\">\n\t\t\t\t\t\t\t\t\t\t\t<a href=\"#4s\">\n\n\t\t\t\t\t\t\t\t\t\t\t<span class=\"elementor-icon-list-text\">Galer\u00eda<\/span>\n\t\t\t\t\t\t\t\t\t\t\t<\/a>\n\t\t\t\t\t\t\t\t\t<\/li>\n\t\t\t\t\t\t<\/ul>\n\t\t\t\t<\/div>\n\t\t\t\t<\/div>\n\t\t\t\t\t<\/div>\n\t\t\t\t<\/div>\n\t\t<div class=\"elementor-element elementor-element-14151b6 e-flex e-con-boxed e-con e-parent\" data-id=\"14151b6\" data-element_type=\"container\" id=\"1s\" data-settings=\"{&quot;background_background&quot;:&quot;classic&quot;}\">\n\t\t\t\t\t<div class=\"e-con-inner\">\n\t\t\t\t<div class=\"elementor-element elementor-element-402f9a8 elementor-widget elementor-widget-heading\" data-id=\"402f9a8\" data-element_type=\"widget\" id=\"FINTELLIGENT\" data-widget_type=\"heading.default\">\n\t\t\t\t<div class=\"elementor-widget-container\">\n\t\t\t<h2 class=\"elementor-heading-title elementor-size-default\">Descripci\u00f3n<\/h2>\t\t<\/div>\n\t\t\t\t<\/div>\n\t\t\t\t<div class=\"elementor-element elementor-element-c3820f2 elementor-widget elementor-widget-text-editor\" data-id=\"c3820f2\" data-element_type=\"widget\" data-widget_type=\"text-editor.default\">\n\t\t\t\t<div class=\"elementor-widget-container\">\n\t\t\t<style>\/*! elementor - v3.21.0 - 22-05-2024 *\/\n.elementor-widget-text-editor.elementor-drop-cap-view-stacked .elementor-drop-cap{background-color:#69727d;color:#fff}.elementor-widget-text-editor.elementor-drop-cap-view-framed .elementor-drop-cap{color:#69727d;border:3px solid;background-color:transparent}.elementor-widget-text-editor:not(.elementor-drop-cap-view-default) .elementor-drop-cap{margin-top:8px}.elementor-widget-text-editor:not(.elementor-drop-cap-view-default) .elementor-drop-cap-letter{width:1em;height:1em}.elementor-widget-text-editor .elementor-drop-cap{float:left;text-align:center;line-height:1;font-size:50px}.elementor-widget-text-editor .elementor-drop-cap-letter{display:inline-block}<\/style>\t\t\t\t<p>Multi function embroidery machine<\/p><p>Suitable for flat based embroidery<\/p><p>Best choice for small scale workshop embroidery<\/p><p>Pantalla t\u00e1ctil HD TFT de 10,1 pulgadas con una relaci\u00f3n de resoluci\u00f3n de 1280 * 800<\/p><p>\u0412\u043c\u0435\u0441\u0442\u0438\u043c\u043e\u0441\u0442\u044c \u043d\u0435 \u0431\u043e\u043b\u0435\u0435 500 \u043a\u043e\u043d\u0441\u0442\u0440\u0443\u043a\u0446\u0438\u0439<\/p><p>M\u00e1x. 5 millones de puntos por dise\u00f1o<\/p><p>Con capacidad de almacenamiento de 200 millones de puntos<\/p><p>Cambio autom\u00e1tico de color, Recortador autom\u00e1tica, Detecci\u00f3n autom\u00e1tica de rotura de hilo<\/p><p>Funci\u00f3n de rastreo de tablero de dise\u00f1o<\/p><p>El estado de las puntadas en tiempo real se muestra en la pantalla<\/p><p>USB \/ Red \/ Wifi \/ Bluetooth disponible para transferencia de dise\u00f1o<\/p><p>Aceptar formato de dise\u00f1o DST, DSB, EMB<\/p><p>Max speed 1000spm<\/p><p>Amplio rango autoadoptivo 85-265V \/ 50-60HZ<\/p><p>Con funci\u00f3n de posicionamiento l\u00e1ser<\/p><p>Con aros \/ marcos de diferentes tama\u00f1os para elegir<\/p><p>Diferentes tama\u00f1os de aros \/ marcos se pueden cambiar seg\u00fan sus necesidades<\/p><p>Multi idiomas disponibles como chino, ingl\u00e9s, espa\u00f1ol, turco, ruso, franc\u00e9s, portugu\u00e9s, \u00e1rabe, tailand\u00e9s, italiano, alem\u00e1n, holand\u00e9s, polaco, persa iran\u00ed, coreano, japon\u00e9s, indio telugu, indio tamil, vietnamita<\/p>\t\t\t\t\t\t<\/div>\n\t\t\t\t<\/div>\n\t\t\t\t\t<\/div>\n\t\t\t\t<\/div>\n\t\t<div class=\"elementor-element elementor-element-fa0fb96 e-flex e-con-boxed e-con e-parent\" data-id=\"fa0fb96\" data-element_type=\"container\" id=\"3s\" data-settings=\"{&quot;background_background&quot;:&quot;classic&quot;}\">\n\t\t\t\t\t<div class=\"e-con-inner\">\n\t\t\t\t<div class=\"elementor-element elementor-element-07a19c0 elementor-widget elementor-widget-heading\" data-id=\"07a19c0\" data-element_type=\"widget\" data-widget_type=\"heading.default\">\n\t\t\t\t<div class=\"elementor-widget-container\">\n\t\t\t<h2 class=\"elementor-heading-title elementor-size-default\">Modelo<\/h2>\t\t<\/div>\n\t\t\t\t<\/div>\n\t\t\t\t\t<\/div>\n\t\t\t\t<\/div>\n\t\t<nav class=\"elementor-element elementor-element-30949f6 e-flex e-con-boxed e-con e-parent\" data-id=\"30949f6\" data-element_type=\"container\" data-settings=\"{&quot;background_background&quot;:&quot;classic&quot;}\">\n\t\t\t\t\t<div class=\"e-con-inner\">\n\t\t\t\t<div class=\"elementor-element elementor-element-2baa15b elementor-widget elementor-widget-text-editor\" data-id=\"2baa15b\" data-element_type=\"widget\" data-widget_type=\"text-editor.default\">\n\t\t\t\t<div class=\"elementor-widget-container\">\n\t\t\t\t\t\t\t<table><tbody><tr><td width=\"63\"><h5><strong>Modelo<\/strong><\/h5><\/td><td width=\"53\"><h5><strong>colores<\/strong><\/h5><\/td><td width=\"44\"><h5><strong>Cara<\/strong><\/h5><\/td><td width=\"102\"><h5><strong>\u00c1rea de trabajo<\/strong><\/h5><\/td><td width=\"88\"><h5><strong>Peso neto\/bruto<\/strong><\/h5><\/td><td width=\"117\"><h5><strong>Tama\u00f1o de la m\u00e1quina<\/strong><\/h5><\/td><td width=\"117\"><h5><strong>Tama\u00f1o del embalaje<\/strong><\/h5><\/td><\/tr><tr><td width=\"63\"><h6>OL-1201+601<\/h6><\/td><td width=\"53\"><h6>12<\/h6><\/td><td width=\"44\"><h6>1+1<\/h6><\/td><td width=\"102\"><h6>500\/1200*550mm<\/h6><\/td><td width=\"88\"><h6>410KG\/600KG<\/h6><\/td><td width=\"117\"><h6>3100*1550*1650mm<\/h6><\/td><td width=\"117\"><h6>2690*1260*1420mm<\/h6><\/td><\/tr><\/tbody><\/table>\t\t\t\t\t\t<\/div>\n\t\t\t\t<\/div>\n\t\t\t\t\t<\/div>\n\t\t\t\t<\/nav>\n\t\t<div class=\"elementor-element elementor-element-a2a3f40 e-flex e-con-boxed e-con e-parent\" data-id=\"a2a3f40\" data-element_type=\"container\" id=\"4s\" data-settings=\"{&quot;background_background&quot;:&quot;classic&quot;}\">\n\t\t\t\t\t<div class=\"e-con-inner\">\n\t\t\t\t<div class=\"elementor-element elementor-element-bdda7ab elementor-widget elementor-widget-heading\" data-id=\"bdda7ab\" data-element_type=\"widget\" id=\"GALLERY\" data-widget_type=\"heading.default\">\n\t\t\t\t<div class=\"elementor-widget-container\">\n\t\t\t<h2 class=\"elementor-heading-title elementor-size-default\">GALER\u00cdA\n<\/h2>\t\t<\/div>\n\t\t\t\t<\/div>\n\t\t\t\t\t<\/div>\n\t\t\t\t<\/div>\n\t\t<div class=\"elementor-element elementor-element-de4e800 e-flex e-con-boxed e-con e-parent\" data-id=\"de4e800\" data-element_type=\"container\" data-settings=\"{&quot;background_background&quot;:&quot;classic&quot;}\">\n\t\t\t\t\t<div class=\"e-con-inner\">\n\t\t\t\t<div class=\"elementor-element elementor-element-9e0c632 elementor-widget elementor-widget-bdt-slideshow\" data-id=\"9e0c632\" data-element_type=\"widget\" data-widget_type=\"bdt-slideshow.default\">\n\t\t\t\t<div class=\"elementor-widget-container\">\n\t\t\t\t\t<div data-bdt-slideshow=\"{&quot;animation&quot;:&quot;slide&quot;,&quot;ratio&quot;:&quot;16:9&quot;,&quot;min-height&quot;:false,&quot;autoplay&quot;:true,&quot;autoplay-interval&quot;:7000,&quot;pause-on-hover&quot;:false,&quot;velocity&quot;:1}\" class=\"bdt-arrows-dots-align-bottom-right\">\n\t\t\t<div class=\"bdt-position-relative bdt-visible-toggle\">\n\n\t\t\t\t\n\t\t\t\t<ul class=\"bdt-slideshow-items\" >\n\t\t\t\t\t\n\t\t\t<li class=\"bdt-slideshow-item elementor-repeater-item-d90c85e\">\n\t\t\t\t\n\t\t\t\t\t\t\t\t\t\t\t<img decoding=\"async\" src=\"https:\/\/oulifuco.com\/wp-content\/uploads\/2024\/06\/OL-1201601C-1-1.jpg\" alt=\"OL-1201+601\" class=\"bdt-cover\" data-bdt-cover=\"\">\t\t\t\t\t\n\t\t\t\t\t\n\t\t\t\t\n\t\t\t\t\t\t<div\n\t\t\tclass=\"bdt-slideshow-content-wrapper bdt-position-z-index bdt-position-bottom-left bdt-position-large bdt-text-center\">\n\t\t\t\n\t\t\t\n\t\t\t\n\t\t\t\n\t\t\t\t\t<\/div>\n\n\t\t\t\t\t<\/li>\n\n\t\t\n\t\t\t<li class=\"bdt-slideshow-item elementor-repeater-item-d5ad475\">\n\t\t\t\t\n\t\t\t\t\t\t\t\t\t\t\t<img decoding=\"async\" src=\"https:\/\/oulifuco.com\/wp-content\/uploads\/2024\/06\/OL-1201601C-3.jpg\" alt=\"OL-1201+601\" class=\"bdt-cover\" data-bdt-cover=\"\">\t\t\t\t\t\n\t\t\t\t\t\n\t\t\t\t\n\t\t\t\t\t\t<div\n\t\t\tclass=\"bdt-slideshow-content-wrapper bdt-position-z-index bdt-position-bottom-left bdt-position-large bdt-text-center\">\n\t\t\t\n\t\t\t\n\t\t\t\n\t\t\t\n\t\t\t\t\t<\/div>\n\n\t\t\t\t\t<\/li>\n\n\t\t\n\t\t\t<li class=\"bdt-slideshow-item elementor-repeater-item-2b91a4b\">\n\t\t\t\t\n\t\t\t\t\t\t\t\t\t\t\t<img decoding=\"async\" src=\"https:\/\/oulifuco.com\/wp-content\/uploads\/2024\/06\/OL-1201601C-4.jpg\" alt=\"OL-1201+601\" class=\"bdt-cover\" data-bdt-cover=\"\">\t\t\t\t\t\n\t\t\t\t\t\n\t\t\t\t\n\t\t\t\t\t\t<div\n\t\t\tclass=\"bdt-slideshow-content-wrapper bdt-position-z-index bdt-position-bottom-left bdt-position-large bdt-text-center\">\n\t\t\t\n\t\t\t\n\t\t\t\n\t\t\t\n\t\t\t\t\t<\/div>\n\n\t\t\t\t\t<\/li>\n\n\t\t\t\t\t\t<\/ul>\n\t\t\t\t\t\t\t\t\t\n\t\t<div class=\"bdt-position-z-index bdt-position-bottom-right\">\n\t\t\t<div class=\"bdt-arrows-dots-container bdt-slidenav-container\">\n\n\t\t\t\t<div class=\"bdt-flex bdt-flex-middle\">\n\t\t\t\t\t<div class=\"\">\n\t\t\t\t\t\t<a href=\"\" class=\"bdt-navigation-prev bdt-slidenav-previous bdt-icon bdt-slidenav\"\n\t\t\t\t\t\t\tbdt-slideshow-item=\"previous\">\n\t\t\t\t\t\t\t<i class=\"ep-icon-arrow-left-0\"\n\t\t\t\t\t\t\t\taria-hidden=\"true\"><\/i>\n\t\t\t\t\t\t<\/a>\n\n\t\t\t\t\t<\/div>\n\n\t\t\t\t\t\t\t\t\t\t\t<div class=\"bdt-dotnav-wrapper bdt-dots-container\">\n\t\t\t\t\t\t\t<ul class=\"bdt-dotnav\">\n\t\t\t\t\t\t\t\t<li class=\"bdt-slideshow-dotnav bdt-active\" data-bdt-slideshow-item=\"0\"><a href=\"#\"><\/a><\/li><li class=\"bdt-slideshow-dotnav bdt-active\" data-bdt-slideshow-item=\"1\"><a href=\"#\"><\/a><\/li><li class=\"bdt-slideshow-dotnav bdt-active\" data-bdt-slideshow-item=\"2\"><a href=\"#\"><\/a><\/li>\t\t\t\t\t\t\t<\/ul>\n\t\t\t\t\t\t<\/div>\n\t\t\t\t\t\n\t\t\t\t\t<div class=\"\">\n\t\t\t\t\t\t<a href=\"\" class=\"bdt-navigation-next bdt-slidenav-next bdt-icon bdt-slidenav\"\n\t\t\t\t\t\t\tdata-bdt-slideshow-item=\"next\">\n\t\t\t\t\t\t\t<i class=\"ep-icon-arrow-right-0\"\n\t\t\t\t\t\t\t\taria-hidden=\"true\"><\/i>\n\t\t\t\t\t\t<\/a>\n\n\t\t\t\t\t<\/div>\n\n\t\t\t\t<\/div>\n\t\t\t<\/div>\n\t\t<\/div>\n\n\t\t\n\t\t\t\t\t\t\t\t\t\t\t\t<\/div>\n\t\t<\/div>\n\t\t\t\t<\/div>\n\t\t\t\t<\/div>\n\t\t\t\t\t<\/div>\n\t\t\t\t<\/div>\n\t\t\t\t<\/div>","protected":false},"excerpt":{"rendered":"<p>oulifu Page OL-1201+601(500\/1200*550mm ) 500\/1200*550mm Embroidery area Flat + Chenille Special point REQUEST A QUOTE > Description Model Gallery Description Multi function embroidery machine Suitable for flat based embroidery Best choice for small scale workshop embroidery 10.1-inch HD TFT touch screen with resolution ratio of 1280*800 Max 500 designs storage capacity Max 5 million stitches [&hellip;]<\/p>","protected":false},"author":1,"featured_media":1132,"parent":0,"menu_order":0,"comment_status":"closed","ping_status":"closed","template":"","meta":{"footnotes":""},"categories":[8,16],"tags":[],"class_list":["post-1130","page","type-page","status-publish","has-post-thumbnail","hentry","category-multi-head-embroidery-machine","category-ol-1201601"],"_links":{"self":[{"href":"https:\/\/oulifuco.com\/es\/wp-json\/wp\/v2\/pages\/1130","targetHints":{"allow":["GET"]}}],"collection":[{"href":"https:\/\/oulifuco.com\/es\/wp-json\/wp\/v2\/pages"}],"about":[{"href":"https:\/\/oulifuco.com\/es\/wp-json\/wp\/v2\/types\/page"}],"author":[{"embeddable":true,"href":"https:\/\/oulifuco.com\/es\/wp-json\/wp\/v2\/users\/1"}],"replies":[{"embeddable":true,"href":"https:\/\/oulifuco.com\/es\/wp-json\/wp\/v2\/comments?post=1130"}],"version-history":[{"count":25,"href":"https:\/\/oulifuco.com\/es\/wp-json\/wp\/v2\/pages\/1130\/revisions"}],"predecessor-version":[{"id":1478,"href":"https:\/\/oulifuco.com\/es\/wp-json\/wp\/v2\/pages\/1130\/revisions\/1478"}],"wp:featuredmedia":[{"embeddable":true,"href":"https:\/\/oulifuco.com\/es\/wp-json\/wp\/v2\/media\/1132"}],"wp:attachment":[{"href":"https:\/\/oulifuco.com\/es\/wp-json\/wp\/v2\/media?parent=1130"}],"wp:term":[{"taxonomy":"category","embeddable":true,"href":"https:\/\/oulifuco.com\/es\/wp-json\/wp\/v2\/categories?post=1130"},{"taxonomy":"post_tag","embeddable":true,"href":"https:\/\/oulifuco.com\/es\/wp-json\/wp\/v2\/tags?post=1130"}],"curies":[{"name":"wp","href":"https:\/\/api.w.org\/{rel}","templated":true}]}}