{"id":21,"date":"2024-05-22T13:35:02","date_gmt":"2024-05-22T13:35:02","guid":{"rendered":"https:\/\/oulifuco.com\/\/?page_id=21"},"modified":"2024-09-03T07:21:48","modified_gmt":"2024-09-03T07:21:48","slug":"about","status":"publish","type":"page","link":"https:\/\/oulifuco.com\/es\/about\/","title":{"rendered":"ACERCA DE"},"content":{"rendered":"<div data-elementor-type=\"wp-page\" data-elementor-id=\"21\" class=\"elementor elementor-21\" data-elementor-post-type=\"page\">\n\t\t\t\t<div class=\"elementor-element elementor-element-eb349e2 e-con-full e-flex e-con e-parent\" data-id=\"eb349e2\" data-element_type=\"container\">\n\t\t\t\t<div class=\"elementor-element elementor-element-79afe53 elementor-widget elementor-widget-image\" data-id=\"79afe53\" data-element_type=\"widget\" data-widget_type=\"image.default\">\n\t\t\t\t<div class=\"elementor-widget-container\">\n\t\t\t<style>\/*! elementor - v3.21.0 - 22-05-2024 *\/\n.elementor-widget-image{text-align:center}.elementor-widget-image a{display:inline-block}.elementor-widget-image a img[src$=\".svg\"]{width:48px}.elementor-widget-image img{vertical-align:middle;display:inline-block}<\/style>\t\t\t\t\t\t\t\t\t\t<img fetchpriority=\"high\" decoding=\"async\" width=\"1900\" height=\"400\" src=\"https:\/\/oulifuco.com\/wp-content\/uploads\/2024\/06\/1-4.jpg\" class=\"attachment-full size-full wp-image-703\" alt=\"\" srcset=\"https:\/\/oulifuco.com\/wp-content\/uploads\/2024\/06\/1-4.jpg 1900w, https:\/\/oulifuco.com\/wp-content\/uploads\/2024\/06\/1-4-300x63.jpg 300w, https:\/\/oulifuco.com\/wp-content\/uploads\/2024\/06\/1-4-1024x216.jpg 1024w, https:\/\/oulifuco.com\/wp-content\/uploads\/2024\/06\/1-4-768x162.jpg 768w, https:\/\/oulifuco.com\/wp-content\/uploads\/2024\/06\/1-4-1536x323.jpg 1536w\" sizes=\"(max-width: 1900px) 100vw, 1900px\" \/>\t\t\t\t\t\t\t\t\t\t\t\t\t<\/div>\n\t\t\t\t<\/div>\n\t\t\t\t<\/div>\n\t\t<div class=\"elementor-element elementor-element-f17f25d e-flex e-con-boxed e-con e-parent\" data-id=\"f17f25d\" data-element_type=\"container\">\n\t\t\t\t\t<div class=\"e-con-inner\">\n\t\t\t\t<div class=\"elementor-element elementor-element-1d46cad elementor-widget elementor-widget-heading\" data-id=\"1d46cad\" data-element_type=\"widget\" data-widget_type=\"heading.default\">\n\t\t\t\t<div class=\"elementor-widget-container\">\n\t\t\t<style>\/*! elementor - v3.21.0 - 22-05-2024 *\/\n.elementor-heading-title{padding:0;margin:0;line-height:1}.elementor-widget-heading .elementor-heading-title[class*=elementor-size-]>a{color:inherit;font-size:inherit;line-height:inherit}.elementor-widget-heading .elementor-heading-title.elementor-size-small{font-size:15px}.elementor-widget-heading .elementor-heading-title.elementor-size-medium{font-size:19px}.elementor-widget-heading .elementor-heading-title.elementor-size-large{font-size:29px}.elementor-widget-heading .elementor-heading-title.elementor-size-xl{font-size:39px}.elementor-widget-heading .elementor-heading-title.elementor-size-xxl{font-size:59px}<\/style><h2 class=\"elementor-heading-title elementor-size-default\">ZHUJI OULIFU IMPORT AND EXPORT Co.,LTD<\/h2>\t\t<\/div>\n\t\t\t\t<\/div>\n\t\t\t\t<div class=\"elementor-element elementor-element-8ab9d52 elementor-widget elementor-widget-text-editor\" data-id=\"8ab9d52\" data-element_type=\"widget\" data-widget_type=\"text-editor.default\">\n\t\t\t\t<div class=\"elementor-widget-container\">\n\t\t\t<style>\/*! elementor - v3.21.0 - 22-05-2024 *\/\n.elementor-widget-text-editor.elementor-drop-cap-view-stacked .elementor-drop-cap{background-color:#69727d;color:#fff}.elementor-widget-text-editor.elementor-drop-cap-view-framed .elementor-drop-cap{color:#69727d;border:3px solid;background-color:transparent}.elementor-widget-text-editor:not(.elementor-drop-cap-view-default) .elementor-drop-cap{margin-top:8px}.elementor-widget-text-editor:not(.elementor-drop-cap-view-default) .elementor-drop-cap-letter{width:1em;height:1em}.elementor-widget-text-editor .elementor-drop-cap{float:left;text-align:center;line-height:1;font-size:50px}.elementor-widget-text-editor .elementor-drop-cap-letter{display:inline-block}<\/style>\t\t\t\t  ZHUJI OULIFU IMPORT AND EXPORT Co., LTD es una empresa profesional de alta tecnolog\u00eda que integra investigaci\u00f3n, desarrollo y producci\u00f3n de m\u00e1quinas de bordar. \nNuestra empresa ubicada en la ciudad de Zhuji, provincia de Zhejiang, cubre un \u00e1rea de 20, 000 metros cuadrados, est\u00e1 cerca del aeropuerto de Hangzhou, Ningbo y el puerto mar\u00edtimo de Shanghai. \nOULIFU es un equipo poderoso que siempre aprovecha las oportunidades, lucha con valent\u00eda y crece constantemente. Desde la investigaci\u00f3n y el desarrollo de productos, la fabricaci\u00f3n, las pruebas, el control de calidad hasta el marketing y el servicio posventa, ten\u00edamos un sistema de gesti\u00f3n avanzado seis en uno. \nFabricamos principalmente m\u00e1quinas de bordar computarizadas. Desde el a\u00f1o 2016 que establecimos, nos enfocamos en producir m\u00e1quinas de bordar multifunci\u00f3n de una sola cabeza, doble cabeza, cuatro cabezas y m\u00e1s grandes.   \nDependiendo de la tecnolog\u00eda l\u00edder innovadora independiente y la fabricaci\u00f3n de m\u00e1s del 80% de las piezas de repuesto por nuestra propia f\u00e1brica, OULIFU obedece a \"La calidad es la vida de la empresa\", con calidad confiable, servicio perfecto y buen cr\u00e9dito, suministramos m\u00e1quinas al mercado de China y exportamos a m\u00e1s de 30 pa\u00edses y regiones como Europa, Sudeste Asi\u00e1tico, Am\u00e9rica del Norte, Am\u00e9rica del Sur y Medio Oriente,  etc. Damos la bienvenida sinceramente a nuestros amigos y nuevos compradores a nuestro taller. \t\t\t\t\t\t<\/div>\n\t\t\t\t<\/div>\n\t\t\t\t\t<\/div>\n\t\t\t\t<\/div>\n\t\t<div class=\"elementor-element elementor-element-cf9b56d e-con-full e-flex e-con e-parent\" data-id=\"cf9b56d\" data-element_type=\"container\" data-settings=\"{&quot;shape_divider_top&quot;:&quot;triangle-asymmetrical&quot;,&quot;shape_divider_bottom&quot;:&quot;tilt&quot;}\">\n\t\t\t\t<div class=\"elementor-shape elementor-shape-top\" data-negative=\"false\">\n\t\t\t<svg xmlns=\"http:\/\/www.w3.org\/2000\/svg\" viewbox=\"0 0 1000 100\" preserveaspectratio=\"none\">\n\t<path class=\"elementor-shape-fill\" d=\"M738,99l262-93V0H0v5.6L738,99z\"\/>\n<\/svg>\t\t<\/div>\n\t\t\t\t<div class=\"elementor-shape elementor-shape-bottom\" data-negative=\"false\">\n\t\t\t<svg xmlns=\"http:\/\/www.w3.org\/2000\/svg\" viewbox=\"0 0 1000 100\" preserveaspectratio=\"none\">\n\t<path class=\"elementor-shape-fill\" d=\"M0,6V0h1000v100L0,6z\"\/>\n<\/svg>\t\t<\/div>\n\t\t\t\t<div class=\"elementor-element elementor-element-5df1101 elementor-widget elementor-widget-bdt-slideshow\" data-id=\"5df1101\" data-element_type=\"widget\" data-widget_type=\"bdt-slideshow.default\">\n\t\t\t\t<div class=\"elementor-widget-container\">\n\t\t\t\t\t<div data-bdt-slideshow=\"{&quot;animation&quot;:&quot;slide&quot;,&quot;ratio&quot;:&quot;16:9&quot;,&quot;min-height&quot;:50,&quot;autoplay&quot;:true,&quot;autoplay-interval&quot;:4000,&quot;pause-on-hover&quot;:false,&quot;velocity&quot;:0.2}\" class=\"bdt-arrows-align-center\">\n\t\t\t<div class=\"bdt-position-relative bdt-visible-toggle\">\n\n\t\t\t\t\n\t\t\t\t<ul class=\"bdt-slideshow-items\"  bdt-height-viewport=\"&quot;offset-top:\" true&quot;>\n\t\t\t\t\t\n\t\t\t<li class=\"bdt-slideshow-item elementor-repeater-item-edcfcd8\">\n\t\t\t\t\n\t\t\t\t\t\t\t\t\t\t\t\t\t<video autoplay loop muted playslinline bdt-cover class=\"bdt-cover\">\n\t\t\t<source src=\"https:\/\/oulifuco.com\/wp-content\/uploads\/2024\/08\/video-18.7M-1.mp4\" type=\"video\/mp4\">\n\t\t<\/video>\n\t\t\t\t\t\t\t\n\t\t\t\t\t\n\t\t\t\t\t\t\t\t\t<div class=\"bdt-overlay-default bdt-position-cover bdt-blend-multiply\"><\/div>\n\t\t\t\t\n\t\t\t\t\t\t<div\n\t\t\tclass=\"bdt-slideshow-content-wrapper bdt-position-z-index bdt-position-center bdt-position-large bdt-text-center\">\n\t\t\t\n\t\t\t\n\t\t\t\n\t\t\t\n\t\t\t\t\t<\/div>\n\n\t\t\t\t\t<\/li>\n\n\t\t\t\t\t\t<\/ul>\n\t\t\t\t\t\t\t\t\t\t\t<div class=\"bdt-position-z-index bdt-position-center bdt-visible@m\">\n\t\t\t<div class=\"bdt-arrows-container bdt-slidenav-container\">\n\t\t\t\t<a href=\"\" class=\"bdt-navigation-prev bdt-slidenav-previous bdt-icon bdt-slidenav\"\n\t\t\t\t\tdata-bdt-slideshow-item=\"previous\">\n\t\t\t\t\t<i class=\"ep-icon-arrow-left-0\" aria-hidden=\"true\"><\/i>\n\t\t\t\t<\/a>\n\t\t\t\t<a href=\"\" class=\"bdt-navigation-next bdt-slidenav-next bdt-icon bdt-slidenav\" data-bdt-slideshow-item=\"next\">\n\t\t\t\t\t<i class=\"ep-icon-arrow-right-0\" aria-hidden=\"true\"><\/i>\n\t\t\t\t<\/a>\n\t\t\t<\/div>\n\t\t<\/div>\n\t\t\t\t\t\t\t\t\t<\/div>\n\t\t<\/div>\n\t\t\t\t<\/div>\n\t\t\t\t<\/div>\n\t\t\t\t<\/div>\n\t\t\t\t<\/div>","protected":false},"excerpt":{"rendered":"<p>ZHUJI OULIFU IMPORT AND EXPORT Co.,LTD ZHUJI OULIFU IMPORT AND EXPORT Co.,LTD is a professional high-tech enterprise integrating research, development and production for Embroidery machines. Our company located in Zhuji city, Zhejiang province, covers an area of 20, 000 square meters, is nearby Hangzhou airport, Ningbo and Shanghai seaport. OULIFU is a powerful team who [&hellip;]<\/p>","protected":false},"author":1,"featured_media":0,"parent":0,"menu_order":0,"comment_status":"closed","ping_status":"closed","template":"","meta":{"footnotes":""},"categories":[],"tags":[],"class_list":["post-21","page","type-page","status-publish","hentry"],"_links":{"self":[{"href":"https:\/\/oulifuco.com\/es\/wp-json\/wp\/v2\/pages\/21","targetHints":{"allow":["GET"]}}],"collection":[{"href":"https:\/\/oulifuco.com\/es\/wp-json\/wp\/v2\/pages"}],"about":[{"href":"https:\/\/oulifuco.com\/es\/wp-json\/wp\/v2\/types\/page"}],"author":[{"embeddable":true,"href":"https:\/\/oulifuco.com\/es\/wp-json\/wp\/v2\/users\/1"}],"replies":[{"embeddable":true,"href":"https:\/\/oulifuco.com\/es\/wp-json\/wp\/v2\/comments?post=21"}],"version-history":[{"count":64,"href":"https:\/\/oulifuco.com\/es\/wp-json\/wp\/v2\/pages\/21\/revisions"}],"predecessor-version":[{"id":1528,"href":"https:\/\/oulifuco.com\/es\/wp-json\/wp\/v2\/pages\/21\/revisions\/1528"}],"wp:attachment":[{"href":"https:\/\/oulifuco.com\/es\/wp-json\/wp\/v2\/media?parent=21"}],"wp:term":[{"taxonomy":"category","embeddable":true,"href":"https:\/\/oulifuco.com\/es\/wp-json\/wp\/v2\/categories?post=21"},{"taxonomy":"post_tag","embeddable":true,"href":"https:\/\/oulifuco.com\/es\/wp-json\/wp\/v2\/tags?post=21"}],"curies":[{"name":"wp","href":"https:\/\/api.w.org\/{rel}","templated":true}]}}